{"id":12,"date":"2023-04-13T17:57:33","date_gmt":"2023-04-13T21:57:33","guid":{"rendered":"https:\/\/wrpbpa.com\/?page_id=12"},"modified":"2024-03-14T17:10:07","modified_gmt":"2024-03-14T21:10:07","slug":"home","status":"publish","type":"page","link":"https:\/\/wrpbpa.com\/pt\/","title":{"rendered":"Lar"},"content":{"rendered":"<h2>\n\t\tREGI\u00c3O DE WATERLOO ASSOC. DE EMPRESAS E PROFISSIONAIS PORTUGUESES.\n\t<\/h2>\n\t\t\t\t\t\t\t\t\t<img loading=\"lazy\" decoding=\"async\" src=\"https:\/\/wrpbpa.com\/wp-content\/uploads\/2023\/04\/bluebar.png\" alt=\"bluebar\" itemprop=\"image\" height=\"30\" width=\"3000\" srcset=\"https:\/\/wrpbpa.com\/wp-content\/uploads\/2023\/04\/bluebar.png 3000w, https:\/\/wrpbpa.com\/wp-content\/uploads\/2023\/04\/bluebar-300x3.png 300w, https:\/\/wrpbpa.com\/wp-content\/uploads\/2023\/04\/bluebar-1024x10.png 1024w, https:\/\/wrpbpa.com\/wp-content\/uploads\/2023\/04\/bluebar-768x8.png 768w, https:\/\/wrpbpa.com\/wp-content\/uploads\/2023\/04\/bluebar-1536x15.png 1536w, https:\/\/wrpbpa.com\/wp-content\/uploads\/2023\/04\/bluebar-2048x20.png 2048w\" sizes=\"auto, (max-width: 3000px) 100vw, 3000px\" title=\"barra azul\" onerror=\"this.style.display='none'\"  \/>\n<h2>\n\t\tBem-vindo \u00e0 Associa\u00e7\u00e3o Empresarial e Profissional Portuguesa da Regi\u00e3o de Waterloo!\n\t<\/h2>\n\t<p>Como uma comunidade de empres\u00e1rios, profissionais e empreendedores portugueses, temos orgulho de estar baseados na bela regi\u00e3o de Waterloo. A nossa associa\u00e7\u00e3o dedica-se a promover o crescimento, o networking e a colabora\u00e7\u00e3o entre empresas e profissionais portugueses, ao mesmo tempo que promove a rica cultura e patrim\u00f3nio de Portugal.<\/p>\n<p>Nossa associa\u00e7\u00e3o diversificada inclui indiv\u00edduos de uma ampla gama de setores, como Direito, Consultor Financeiro, Engenharia Civil, Restaurador, Imobili\u00e1rio, Tecnologia, Empreendedor, Sa\u00fade e muito mais. Por meio de eventos regulares de networking, workshops e programas educacionais, oferecemos oportunidades para que nossos membros se conectem, aprendam e prosperem em seus respectivos campos.<\/p>\n<p>At the Waterloo Region Portuguese Business and Professional Association, we are committed to supporting our members&#8217; professional development through mentorship programs, business resources, and advocacy efforts. Our goal is to create a supportive community where our members can exchange ideas, share insights, and learn from each other&#8217;s experiences.<\/p>\nAl\u00e9m de promover o desenvolvimento profissional, temos orgulho em promover a cultura portuguesa na comunidade da regi\u00e3o de Waterloo. Acreditamos que nossa heran\u00e7a \u00e9 uma fonte de for\u00e7a e nos esfor\u00e7amos para compartilh\u00e1-la com outras pessoas.<br \/>\nSeja voc\u00ea propriet\u00e1rio de uma empresa, profissional ou empres\u00e1rio, nossa associa\u00e7\u00e3o fornece uma plataforma para voc\u00ea se conectar com pessoas com ideias semelhantes, expandir sua rede e crescer pessoal e profissionalmente. Convidamo-lo a juntar-se a n\u00f3s hoje e a fazer parte de uma comunidade pr\u00f3spera que celebra a excel\u00eancia empresarial e a cultura portuguesa na regi\u00e3o de Waterloo!","protected":false},"excerpt":{"rendered":"<p>WATERLOO REGION PORTUGUESE BUSINESS AND PROFESSIONALS ASSOC. Welcome to the Waterloo Region Portuguese Business and Professional Association! As a community of Portuguese business owners, professionals, and entrepreneurs, we are proud to be based in the beautiful Waterloo Region. Our association is dedicated to fostering growth, networking, and collaboration among Portuguese businesses and professionals, while promoting&hellip;<\/p>","protected":false},"author":1,"featured_media":0,"parent":0,"menu_order":0,"comment_status":"closed","ping_status":"closed","template":"","meta":{"footnotes":""},"class_list":["post-12","page","type-page","status-publish","hentry"],"_links":{"self":[{"href":"https:\/\/wrpbpa.com\/pt\/wp-json\/wp\/v2\/pages\/12","targetHints":{"allow":["GET"]}}],"collection":[{"href":"https:\/\/wrpbpa.com\/pt\/wp-json\/wp\/v2\/pages"}],"about":[{"href":"https:\/\/wrpbpa.com\/pt\/wp-json\/wp\/v2\/types\/page"}],"author":[{"embeddable":true,"href":"https:\/\/wrpbpa.com\/pt\/wp-json\/wp\/v2\/users\/1"}],"replies":[{"embeddable":true,"href":"https:\/\/wrpbpa.com\/pt\/wp-json\/wp\/v2\/comments?post=12"}],"version-history":[{"count":33,"href":"https:\/\/wrpbpa.com\/pt\/wp-json\/wp\/v2\/pages\/12\/revisions"}],"predecessor-version":[{"id":733,"href":"https:\/\/wrpbpa.com\/pt\/wp-json\/wp\/v2\/pages\/12\/revisions\/733"}],"wp:attachment":[{"href":"https:\/\/wrpbpa.com\/pt\/wp-json\/wp\/v2\/media?parent=12"}],"curies":[{"name":"wp","href":"https:\/\/api.w.org\/{rel}","templated":true}]}}