{"id":14,"date":"2023-04-13T17:57:40","date_gmt":"2023-04-13T21:57:40","guid":{"rendered":"https:\/\/wrpbpa.com\/?page_id=14"},"modified":"2024-03-14T17:11:04","modified_gmt":"2024-03-14T21:11:04","slug":"about-us","status":"publish","type":"page","link":"https:\/\/wrpbpa.com\/pt\/about-us\/","title":{"rendered":"Sobre n\u00f3s"},"content":{"rendered":"<h2>\n\t\tSobre n\u00f3s\n\t<\/h2>\n\t\t\t\t\t\t\t\t\t<img loading=\"lazy\" decoding=\"async\" src=\"https:\/\/wrpbpa.com\/wp-content\/uploads\/2023\/04\/bluebar.png\" alt=\"bluebar\" itemprop=\"image\" height=\"30\" width=\"3000\" srcset=\"https:\/\/wrpbpa.com\/wp-content\/uploads\/2023\/04\/bluebar.png 3000w, https:\/\/wrpbpa.com\/wp-content\/uploads\/2023\/04\/bluebar-300x3.png 300w, https:\/\/wrpbpa.com\/wp-content\/uploads\/2023\/04\/bluebar-1024x10.png 1024w, https:\/\/wrpbpa.com\/wp-content\/uploads\/2023\/04\/bluebar-768x8.png 768w, https:\/\/wrpbpa.com\/wp-content\/uploads\/2023\/04\/bluebar-1536x15.png 1536w, https:\/\/wrpbpa.com\/wp-content\/uploads\/2023\/04\/bluebar-2048x20.png 2048w\" sizes=\"auto, (max-width: 3000px) 100vw, 3000px\" title=\"barra azul\" onerror=\"this.style.display='none'\"  \/>\n<h2>\n\t\tHist\u00f3ria da Associa\u00e7\u00e3o\n\t<\/h2>\n\t<p>In 1996, the first directors of the Association founded the Association. Our Association&#8217;s primary mission is to provide support for St. Mary&#8217;s Hospital Cardiac Care Unit. A group of community-minded individuals saw a need to make a difference in the lives of others and came together to create an organization that would raise awareness and funds for important causes in the local community.<\/p>\n<p>Our main focus has always been on fundraising for St. Mary&#8217;s Hospital, primarily through our annual golf tournament, which has become one of the most anticipated events in our community. To date, we have raised over $400,000 for St. Mary&#8217;s. However, our efforts have extended beyond the walls of the hospital, and we take pride in supporting other local initiatives such as the local Portuguese school by providing monetary donations to carry on the rich Portuguese language and culture through education.<\/p>\n<p>Como organiza\u00e7\u00e3o, permanecemos fi\u00e9is ao nosso compromisso com a comunidade, a compaix\u00e3o e a retribui\u00e7\u00e3o. Acreditamos que trabalhar juntos e apoiar uns aos outros pode fazer uma diferen\u00e7a significativa na vida das pessoas ao nosso redor. Estamos orgulhosos de nossa hist\u00f3ria e entusiasmados com o futuro enquanto continuamos a trabalhar para um mundo onde sa\u00fade de alta qualidade e uma melhor qualidade de vida sejam acess\u00edveis a todos.<\/p>","protected":false},"excerpt":{"rendered":"<p>About Us History of The Association In 1996, the first directors of the Association founded the Association. Our Association&#8217;s primary mission is to provide support for St. Mary&#8217;s Hospital Cardiac Care Unit. A group of community-minded individuals saw a need to make a difference in the lives of others and came together to create an&hellip;<\/p>","protected":false},"author":1,"featured_media":0,"parent":0,"menu_order":0,"comment_status":"closed","ping_status":"closed","template":"","meta":{"footnotes":""},"class_list":["post-14","page","type-page","status-publish","hentry"],"_links":{"self":[{"href":"https:\/\/wrpbpa.com\/pt\/wp-json\/wp\/v2\/pages\/14","targetHints":{"allow":["GET"]}}],"collection":[{"href":"https:\/\/wrpbpa.com\/pt\/wp-json\/wp\/v2\/pages"}],"about":[{"href":"https:\/\/wrpbpa.com\/pt\/wp-json\/wp\/v2\/types\/page"}],"author":[{"embeddable":true,"href":"https:\/\/wrpbpa.com\/pt\/wp-json\/wp\/v2\/users\/1"}],"replies":[{"embeddable":true,"href":"https:\/\/wrpbpa.com\/pt\/wp-json\/wp\/v2\/comments?post=14"}],"version-history":[{"count":20,"href":"https:\/\/wrpbpa.com\/pt\/wp-json\/wp\/v2\/pages\/14\/revisions"}],"predecessor-version":[{"id":734,"href":"https:\/\/wrpbpa.com\/pt\/wp-json\/wp\/v2\/pages\/14\/revisions\/734"}],"wp:attachment":[{"href":"https:\/\/wrpbpa.com\/pt\/wp-json\/wp\/v2\/media?parent=14"}],"curies":[{"name":"wp","href":"https:\/\/api.w.org\/{rel}","templated":true}]}}