{"id":20,"date":"2023-04-13T17:58:05","date_gmt":"2023-04-13T21:58:05","guid":{"rendered":"https:\/\/wrpbpa.com\/?page_id=20"},"modified":"2023-05-11T01:12:58","modified_gmt":"2023-05-11T05:12:58","slug":"join-us","status":"publish","type":"page","link":"https:\/\/wrpbpa.com\/pt\/join-us\/","title":{"rendered":"Junte-se a n\u00f3s"},"content":{"rendered":"<h2>\n\t\tSobre n\u00f3s\n\t<\/h2>\n\t\t\t\t\t\t\t\t\t<img loading=\"lazy\" decoding=\"async\" src=\"https:\/\/wrpbpa.com\/wp-content\/uploads\/2023\/04\/bluebar.png\" alt=\"bluebar\" itemprop=\"image\" height=\"30\" width=\"3000\" srcset=\"https:\/\/wrpbpa.com\/wp-content\/uploads\/2023\/04\/bluebar.png 3000w, https:\/\/wrpbpa.com\/wp-content\/uploads\/2023\/04\/bluebar-300x3.png 300w, https:\/\/wrpbpa.com\/wp-content\/uploads\/2023\/04\/bluebar-1024x10.png 1024w, https:\/\/wrpbpa.com\/wp-content\/uploads\/2023\/04\/bluebar-768x8.png 768w, https:\/\/wrpbpa.com\/wp-content\/uploads\/2023\/04\/bluebar-1536x15.png 1536w, https:\/\/wrpbpa.com\/wp-content\/uploads\/2023\/04\/bluebar-2048x20.png 2048w\" sizes=\"auto, (max-width: 3000px) 100vw, 3000px\" title=\"barra azul\" onerror=\"this.style.display='none'\"  \/>\n<h2>\n\t\tJunte-se a n\u00f3s\n\t<\/h2>\n\t<p>Como membro anual de nossa organiza\u00e7\u00e3o, voc\u00ea desfrutar\u00e1 de uma ampla gama de benef\u00edcios projetados para apoiar seu crescimento profissional e sucesso nos neg\u00f3cios. Aqui est\u00e3o alguns dos principais benef\u00edcios que voc\u00ea pode esperar:<\/p>\n\t\t\t\t<table>\n\t\t\t\t\t<thead>\n\t\t\t\t\t\t\t\t\t\t\t\t\t\t<tr>\n\t\t\t\t\t\t\t\t\t\t\t\t\t\t\t<th rowspan=\"\" colspan=\"1\">\n\t\t\t\t\t\t\t\t\t\t Benef\u00edcios da Associa\u00e7\u00e3o WRPBPA \n\t\t\t\t\t\t\t\t\t\t\t\t\t\t\t\t\t<\/th> \n\t\t\t\t\t\t\t\t\t\t\t\t\t\t<th rowspan=\"\" colspan=\"\">\n\t\t\t\t\t\t\t\t\t\t Estudante \n\t\t\t\t\t\t\t\t\t\t\t\t\t\t\t\t\t<\/th> \n\t\t\t\t\t\t\t\t\t\t\t\t\t\t<th rowspan=\"\" colspan=\"\">\n\t\t\t\t\t\t\t\t\t\t Associado \n\t\t\t\t\t\t\t\t\t\t\t\t\t\t\t\t\t<\/th> \n\t\t\t\t\t\t\t\t\t\t\t\t\t\t<th rowspan=\"\" colspan=\"\">\n\t\t\t\t\t\t\t\t\t\t Individual \n\t\t\t\t\t\t\t\t\t\t\t\t\t\t\t\t\t<\/th> \n\t\t\t\t\t\t\t\t\t\t\t\t\t\t<th rowspan=\"\" colspan=\"\">\n\t\t\t\t\t\t\t\t\t\t Neg\u00f3cios \n\t\t\t\t\t\t\t\t\t\t\t\t\t\t\t\t\t<\/th> \n\t\t\t\t\t\t\t\t\t\t\t<\/tr><\/thead>\n\t\t\t\t\t<tbody>\n\t\t\t\t\t\t\t\t\t\t\t\t\t\t\t<tr> \n\t\t\t\t\t\t\t\t\t\t\t\t\t\t\t\t\t\t\t\t<td colspan=\"\" rowspan=\"\"> \n\t\t\t\t\t\t\t\t\t\t\t\t\t\t\t Taxa Anual de Associa\u00e7\u00e3o \n\t\t\t\t\t\t\t\t\t\t\t\t\t\t\t\t\t\t\t\t\t\t\t\t<\/td>\n\t\t\t\t\t\t\t\t\t\t\t\t\t\t\t\t<td colspan=\"\" rowspan=\"\"> \n\t\t\t\t\t\t\t\t\t\t\t\t\t\t\t $20 \n\t\t\t\t\t\t\t\t\t\t\t\t\t\t\t\t\t\t\t\t\t\t\t\t<\/td>\n\t\t\t\t\t\t\t\t\t\t\t\t\t\t\t\t<td colspan=\"\" rowspan=\"\"> \n\t\t\t\t\t\t\t\t\t\t\t\t\t\t\t $50 \n\t\t\t\t\t\t\t\t\t\t\t\t\t\t\t\t\t\t\t\t\t\t\t\t<\/td>\n\t\t\t\t\t\t\t\t\t\t\t\t\t\t\t\t<td colspan=\"\" rowspan=\"\"> \n\t\t\t\t\t\t\t\t\t\t\t\t\t\t\t $75 \n\t\t\t\t\t\t\t\t\t\t\t\t\t\t\t\t\t\t\t\t\t\t\t\t<\/td>\n\t\t\t\t\t\t\t\t\t\t\t\t\t\t\t\t<td colspan=\"\" rowspan=\"\"> \n\t\t\t\t\t\t\t\t\t\t\t\t\t\t\t $150 \n\t\t\t\t\t\t\t\t\t\t\t\t\t\t\t\t\t\t\t\t\t\t\t\t<\/td>\n\t\t\t\t\t\t\t\t\t\t\t\t\t\t\t<\/tr><tr> \n\t\t\t\t\t\t\t\t\t\t\t\t\t\t\t\t\t\t\t\t<td colspan=\"\" rowspan=\"\"> \n\t\t\t\t\t\t\t\t\t\t\t\t\t\t\t <strong>Rede ponto a ponto:<\/strong> Junte-se a uma comunidade vibrante de profissionais com ideias semelhantes, apaixonados por networking e sucesso nos neg\u00f3cios. Nossa organiza\u00e7\u00e3o oferece amplas oportunidades para voc\u00ea se conectar e interagir com outros membros, promovendo relacionamentos significativos que podem levar a valiosas colabora\u00e7\u00f5es, parcerias e oportunidades de neg\u00f3cios. \n\t\t\t\t\t\t\t\t\t\t\t\t\t\t\t\t\t\t\t\t\t\t\t\t<\/td>\n\t\t\t\t\t\t\t\t\t\t\t\t\t\t\t\t<td colspan=\"\" rowspan=\"\"> \n\t\t\t\t\t\t\t\t\t\t\t\t\t\t\t\t\t\t\t\t\t\t\t\t<\/td>\n\t\t\t\t\t\t\t\t\t\t\t\t\t\t\t\t<td colspan=\"\" rowspan=\"\"> \n\t\t\t\t\t\t\t\t\t\t\t\t\t\t\t\t\t\t\t\t\t\t\t\t<\/td>\n\t\t\t\t\t\t\t\t\t\t\t\t\t\t\t\t<td colspan=\"\" rowspan=\"\"> \n\t\t\t\t\t\t\t\t\t\t\t\t\t\t\t\t\t\t\t\t\t\t\t\t<\/td>\n\t\t\t\t\t\t\t\t\t\t\t\t\t\t\t\t<td colspan=\"\" rowspan=\"\"> \n\t\t\t\t\t\t\t\t\t\t\t\t\t\t\t\t\t\t\t\t\t\t\t\t<\/td>\n\t\t\t\t\t\t\t\t\t\t\t\t\t\t\t<\/tr><tr> \n\t\t\t\t\t\t\t\t\t\t\t\t\t\t\t\t\t\t\t\t<td colspan=\"\" rowspan=\"\"> \n\t\t\t\t\t\t\t\t\t\t\t\t\t\t\t <strong>Diret\u00f3rio de empresas on-line:<\/strong> Melhore sua presen\u00e7a online sendo listado em nosso diret\u00f3rio de neg\u00f3cios online exclusivo. Sua associa\u00e7\u00e3o lhe d\u00e1 direito a uma listagem premium que inclui o logotipo e o link da web de sua empresa, permitindo que clientes e parceiros em potencial encontrem e se conectem facilmente com sua empresa. \n\t\t\t\t\t\t\t\t\t\t\t\t\t\t\t\t\t\t\t\t\t\t\t\t<\/td>\n\t\t\t\t\t\t\t\t\t\t\t\t\t\t\t\t<td colspan=\"\" rowspan=\"\"> \n\t\t\t\t\t\t\t\t\t\t\t\t\t\t\t\t\t\t\t\t\t\t\t\t<\/td>\n\t\t\t\t\t\t\t\t\t\t\t\t\t\t\t\t<td colspan=\"\" rowspan=\"\"> \n\t\t\t\t\t\t\t\t\t\t\t\t\t\t\t\t\t\t\t\t\t\t\t\t<\/td>\n\t\t\t\t\t\t\t\t\t\t\t\t\t\t\t\t<td colspan=\"\" rowspan=\"\"> \n\t\t\t\t\t\t\t\t\t\t\t\t\t\t\t\t\t\t\t\t\t\t\t\t<\/td>\n\t\t\t\t\t\t\t\t\t\t\t\t\t\t\t\t<td colspan=\"\" rowspan=\"\"> \n\t\t\t\t\t\t\t\t\t\t\t\t\t\t\t\t\t\t\t\t\t\t\t\t<\/td>\n\t\t\t\t\t\t\t\t\t\t\t\t\t\t\t<\/tr><tr> \n\t\t\t\t\t\t\t\t\t\t\t\t\t\t\t\t\t\t\t\t<td colspan=\"\" rowspan=\"\"> \n\t\t\t\t\t\t\t\t\t\t\t\t\t\t\t <strong>Participa\u00e7\u00e3o e direitos de voto durante as elei\u00e7\u00f5es:<\/strong> As a member, you have the right to attend and participate in our organization&#8217;s annual elections. Your voice matters, and your vote will help shape the future direction of the organization. This is a unique opportunity to have a say in the leadership and strategic decisions of the organization. \n\t\t\t\t\t\t\t\t\t\t\t\t\t\t\t\t\t\t\t\t\t\t\t\t<\/td>\n\t\t\t\t\t\t\t\t\t\t\t\t\t\t\t\t<td colspan=\"\" rowspan=\"\"> \n\t\t\t\t\t\t\t\t\t\t\t\t\t\t\t\t\t\t\t\t\t\t\t\t<\/td>\n\t\t\t\t\t\t\t\t\t\t\t\t\t\t\t\t<td colspan=\"\" rowspan=\"\"> \n\t\t\t\t\t\t\t\t\t\t\t\t\t\t\t\t\t\t\t\t\t\t\t\t<\/td>\n\t\t\t\t\t\t\t\t\t\t\t\t\t\t\t\t<td colspan=\"\" rowspan=\"\"> \n\t\t\t\t\t\t\t\t\t\t\t\t\t\t\t\t\t\t\t\t\t\t\t\t<\/td>\n\t\t\t\t\t\t\t\t\t\t\t\t\t\t\t\t<td colspan=\"\" rowspan=\"\"> \n\t\t\t\t\t\t\t\t\t\t\t\t\t\t\t\t\t\t\t\t\t\t\t\t<\/td>\n\t\t\t\t\t\t\t\t\t\t\t\t\t\t\t<\/tr><tr> \n\t\t\t\t\t\t\t\t\t\t\t\t\t\t\t\t\t\t\t\t<td colspan=\"\" rowspan=\"\"> \n\t\t\t\t\t\t\t\t\t\t\t\t\t\t\t <strong>Oportunidades de mentoria:<\/strong> Nossa organiza\u00e7\u00e3o est\u00e1 empenhada em promover o crescimento e desenvolvimento profissional. Como membro, voc\u00ea tem a oportunidade de participar de nosso programa de orienta\u00e7\u00e3o, onde pode buscar orienta\u00e7\u00e3o de profissionais experientes ou oferecer sua experi\u00eancia para orientar outras pessoas. Isso fornece uma plataforma valiosa para compartilhamento de conhecimento, desenvolvimento de habilidades e avan\u00e7o na carreira. \n\t\t\t\t\t\t\t\t\t\t\t\t\t\t\t\t\t\t\t\t\t\t\t\t<\/td>\n\t\t\t\t\t\t\t\t\t\t\t\t\t\t\t\t<td colspan=\"\" rowspan=\"\"> \n\t\t\t\t\t\t\t\t\t\t\t\t\t\t\t\t\t\t\t\t\t\t\t\t<\/td>\n\t\t\t\t\t\t\t\t\t\t\t\t\t\t\t\t<td colspan=\"\" rowspan=\"\"> \n\t\t\t\t\t\t\t\t\t\t\t\t\t\t\t\t\t\t\t\t\t\t\t\t<\/td>\n\t\t\t\t\t\t\t\t\t\t\t\t\t\t\t\t<td colspan=\"\" rowspan=\"\"> \n\t\t\t\t\t\t\t\t\t\t\t\t\t\t\t\t\t\t\t\t\t\t\t\t<\/td>\n\t\t\t\t\t\t\t\t\t\t\t\t\t\t\t\t<td colspan=\"\" rowspan=\"\"> \n\t\t\t\t\t\t\t\t\t\t\t\t\t\t\t\t\t\t\t\t\t\t\t\t<\/td>\n\t\t\t\t\t\t\t\t\t\t\t\t\t\t\t<\/tr><tr> \n\t\t\t\t\t\t\t\t\t\t\t\t\t\t\t\t\t\t\t\t<td colspan=\"\" rowspan=\"\"> \n\t\t\t\t\t\t\t\t\t\t\t\t\t\t\t <strong>Eventos e Workshops Exclusivos:<\/strong> Membership gives you access to exclusive events, workshops, and seminars that are tailored to meet the needs of our members. These events cover a wide range of topics, such as business strategies, marketing trends, leadership development, and industry insights. You&#8217;ll have the opportunity to learn from experts in your field and stay updated with the latest industry trends and best practices. \n\t\t\t\t\t\t\t\t\t\t\t\t\t\t\t\t\t\t\t\t\t\t\t\t<\/td>\n\t\t\t\t\t\t\t\t\t\t\t\t\t\t\t\t<td colspan=\"\" rowspan=\"\"> \n\t\t\t\t\t\t\t\t\t\t\t\t\t\t\t\t\t\t\t\t\t\t\t\t<\/td>\n\t\t\t\t\t\t\t\t\t\t\t\t\t\t\t\t<td colspan=\"\" rowspan=\"\"> \n\t\t\t\t\t\t\t\t\t\t\t\t\t\t\t\t\t\t\t\t\t\t\t\t<\/td>\n\t\t\t\t\t\t\t\t\t\t\t\t\t\t\t\t<td colspan=\"\" rowspan=\"\"> \n\t\t\t\t\t\t\t\t\t\t\t\t\t\t\t\t\t\t\t\t\t\t\t\t<\/td>\n\t\t\t\t\t\t\t\t\t\t\t\t\t\t\t\t<td colspan=\"\" rowspan=\"\"> \n\t\t\t\t\t\t\t\t\t\t\t\t\t\t\t\t\t\t\t\t\t\t\t\t<\/td>\n\t\t\t\t\t\t\t\t\t\t\t\t\t\t\t<\/tr><tr> \n\t\t\t\t\t\t\t\t\t\t\t\t\t\t\t\t\t\t\t\t<td colspan=\"\" rowspan=\"\"> \n\t\t\t\t\t\t\t\t\t\t\t\t\t\t\t <strong>Descontos e ofertas especiais:<\/strong> Aproveite descontos exclusivos e ofertas especiais em v\u00e1rios produtos e servi\u00e7os de nossos parceiros e patrocinadores. Isso pode incluir taxas com desconto para servi\u00e7os comerciais, acesso a recursos premium e ofertas especiais em produtos ou servi\u00e7os relacionados ao setor. \n\t\t\t\t\t\t\t\t\t\t\t\t\t\t\t\t\t\t\t\t\t\t\t\t<\/td>\n\t\t\t\t\t\t\t\t\t\t\t\t\t\t\t\t<td colspan=\"\" rowspan=\"\"> \n\t\t\t\t\t\t\t\t\t\t\t\t\t\t\t\t\t\t\t\t\t\t\t\t<\/td>\n\t\t\t\t\t\t\t\t\t\t\t\t\t\t\t\t<td colspan=\"\" rowspan=\"\"> \n\t\t\t\t\t\t\t\t\t\t\t\t\t\t\t\t\t\t\t\t\t\t\t\t<\/td>\n\t\t\t\t\t\t\t\t\t\t\t\t\t\t\t\t<td colspan=\"\" rowspan=\"\"> \n\t\t\t\t\t\t\t\t\t\t\t\t\t\t\t\t\t\t\t\t\t\t\t\t<\/td>\n\t\t\t\t\t\t\t\t\t\t\t\t\t\t\t\t<td colspan=\"\" rowspan=\"\"> \n\t\t\t\t\t\t\t\t\t\t\t\t\t\t\t\t\t\t\t\t\t\t\t\t<\/td>\n\t\t\t\t\t\t\t\t\t\t\t\t\t\t\t<\/tr><tr> \n\t\t\t\t\t\t\t\t\t\t\t\t\t\t\t\t\t\t\t\t<td colspan=\"\" rowspan=\"\"> \n\t\t\t\t\t\t\t\t\t\t\t\t\t\t\t <strong>Reconhecimento e Exposi\u00e7\u00e3o da Marca:<\/strong> As a member, you&#8217;ll have the opportunity to gain recognition and exposure for your business. This may include features in our newsletters, social media shout-outs, and spotlight opportunities at events or workshops. This increased visibility can help raise your profile, attract potential clients or partners, and boost your brand&#8217;s credibility. \n\t\t\t\t\t\t\t\t\t\t\t\t\t\t\t\t\t\t\t\t\t\t\t\t<\/td>\n\t\t\t\t\t\t\t\t\t\t\t\t\t\t\t\t<td colspan=\"\" rowspan=\"\"> \n\t\t\t\t\t\t\t\t\t\t\t\t\t\t\t\t\t\t\t\t\t\t\t\t<\/td>\n\t\t\t\t\t\t\t\t\t\t\t\t\t\t\t\t<td colspan=\"\" rowspan=\"\"> \n\t\t\t\t\t\t\t\t\t\t\t\t\t\t\t\t\t\t\t\t\t\t\t\t<\/td>\n\t\t\t\t\t\t\t\t\t\t\t\t\t\t\t\t<td colspan=\"\" rowspan=\"\"> \n\t\t\t\t\t\t\t\t\t\t\t\t\t\t\t\t\t\t\t\t\t\t\t\t<\/td>\n\t\t\t\t\t\t\t\t\t\t\t\t\t\t\t\t<td colspan=\"\" rowspan=\"\"> \n\t\t\t\t\t\t\t\t\t\t\t\t\t\t\t\t\t\t\t\t\t\t\t\t<\/td>\n\t\t\t\t\t\t\t\t\t\t\t<\/tr><\/tbody>\n\t\t\t\t<\/table>\n\t<p>In summary, as an annual member of our organization, you&#8217;ll gain access to a supportive community, valuable networking opportunities, online business directory listing, participation in elections, mentorship programs, exclusive events and workshops, discounts and special offers, and increased brand exposure. We are committed to providing our members with a comprehensive package of benefits that will help you thrive in your professional journey and achieve your business goals. Join us today and unlock the full potential of your membership!<\/p>\n\t\t\t\t\t\t<img decoding=\"async\" alt=\"\" src=\"https:\/\/wrpbpa.com\/wp-content\/uploads\/2023\/04\/blue-white-portuguese-tile-textures-plain-820x532-1.jpg\"\/>\n\t\t<h3>Student &#8211; $20<\/h3>\n\t\t\t<a href=\"https:\/\/wrpbpa.com\/pt\/student-membership\/\" target=\"_self\" role=\"button\" aria-label=\"Entrar\" rel=\"noopener\">\n\t\t\t\t\t\t\tEntrar\n\t\t<\/a>\n\t\t\t\t\t\t<img decoding=\"async\" alt=\"\" src=\"https:\/\/wrpbpa.com\/wp-content\/uploads\/2023\/04\/blue-white-portuguese-tile-textures-plain-820x532-1.jpg\"\/>\n\t\t<h3>Associate &#8211; $50<\/h3>\n\t\t\t<a href=\"https:\/\/wrpbpa.com\/pt\/associate-membership\/\" target=\"_self\" role=\"button\" aria-label=\"Entrar\" rel=\"noopener\">\n\t\t\t\t\t\t\tEntrar\n\t\t<\/a>\n\t\t\t\t\t\t<img decoding=\"async\" alt=\"\" src=\"https:\/\/wrpbpa.com\/wp-content\/uploads\/2023\/04\/blue-white-portuguese-tile-textures-plain-820x532-1.jpg\"\/>\n\t\t<h3>Individual &#8211; $75<\/h3>\n\t\t\t<a href=\"https:\/\/wrpbpa.com\/pt\/individual-membership\/\" target=\"_self\" role=\"button\" aria-label=\"Entrar\" rel=\"noopener\">\n\t\t\t\t\t\t\tEntrar\n\t\t<\/a>\n\t\t\t\t\t\t<img decoding=\"async\" alt=\"\" src=\"https:\/\/wrpbpa.com\/wp-content\/uploads\/2023\/04\/blue-white-portuguese-tile-textures-plain-820x532-1.jpg\"\/>\n\t\t<h3>Business &#8211; $150<\/h3>\n\t\t\t<a href=\"https:\/\/wrpbpa.com\/pt\/business-membership\/\" target=\"_self\" role=\"button\" aria-label=\"Entrar\" rel=\"noopener\">\n\t\t\t\t\t\t\tEntrar\n\t\t<\/a>","protected":false},"excerpt":{"rendered":"<p>About Us Join Us As an annual member of our organization, you will enjoy a wide range of benefits that are designed to support your professional growth and business success. Here are some of the key benefits you can expect: WRPBPA Membership Benefits Student Associate Individual Business Annual Membership Fee $20 $50 $75 $150 Peer-to-Peer&hellip;<\/p>","protected":false},"author":1,"featured_media":0,"parent":0,"menu_order":0,"comment_status":"closed","ping_status":"closed","template":"","meta":{"footnotes":""},"class_list":["post-20","page","type-page","status-publish","hentry"],"_links":{"self":[{"href":"https:\/\/wrpbpa.com\/pt\/wp-json\/wp\/v2\/pages\/20","targetHints":{"allow":["GET"]}}],"collection":[{"href":"https:\/\/wrpbpa.com\/pt\/wp-json\/wp\/v2\/pages"}],"about":[{"href":"https:\/\/wrpbpa.com\/pt\/wp-json\/wp\/v2\/types\/page"}],"author":[{"embeddable":true,"href":"https:\/\/wrpbpa.com\/pt\/wp-json\/wp\/v2\/users\/1"}],"replies":[{"embeddable":true,"href":"https:\/\/wrpbpa.com\/pt\/wp-json\/wp\/v2\/comments?post=20"}],"version-history":[{"count":30,"href":"https:\/\/wrpbpa.com\/pt\/wp-json\/wp\/v2\/pages\/20\/revisions"}],"predecessor-version":[{"id":642,"href":"https:\/\/wrpbpa.com\/pt\/wp-json\/wp\/v2\/pages\/20\/revisions\/642"}],"wp:attachment":[{"href":"https:\/\/wrpbpa.com\/pt\/wp-json\/wp\/v2\/media?parent=20"}],"curies":[{"name":"wp","href":"https:\/\/api.w.org\/{rel}","templated":true}]}}