{"id":377,"date":"2023-04-24T12:53:50","date_gmt":"2023-04-24T16:53:50","guid":{"rendered":"https:\/\/wrpbpa.com\/?page_id=377"},"modified":"2023-05-11T00:55:07","modified_gmt":"2023-05-11T04:55:07","slug":"filipe-mendes","status":"publish","type":"page","link":"https:\/\/wrpbpa.com\/pt\/board-members\/filipe-mendes\/","title":{"rendered":"Filipe Mendes"},"content":{"rendered":"<img decoding=\"async\" src=\"https:\/\/wrpbpa.com\/wp-content\/uploads\/2023\/04\/Filipe-Fil-Mendes.png\" alt=\"Filipe (Fil) Mendes\" title=\"Filipe (Fil) Mendes\" itemprop=\"image\"\/>\n\t\t\t<h5>Filipe (Fil) Mendes<\/h5><h3><strong>N\u00famero:<\/strong>   519-745-2229&#215;102<\/h3>\t\t\t\n\t\t\t\t<p><strong>E-mail:<\/strong> <a href=\"mailto:fil@amaralmendes.com\">fil@amaralmendes.com<\/a><br \/><strong>Neg\u00f3cios:<\/strong> Amaral Mendes LLP<br \/><strong>Endere\u00e7o:<\/strong>\u00a0 62 Regina St N, Waterloo, ON N2J 3A5<br \/><strong>Link do Site:<\/strong> <a href=\"https:\/\/amaralmendes.com\/\">https:\/\/amaralmendes.com\/<\/a><\/p>\n<p>Filipe Mendes, mais conhecido como Fil, \u00e9 um distinto advogado e s\u00f3cio fundador da Amaral Mendes LLP, um proeminente escrit\u00f3rio de advocacia com sede em Ont\u00e1rio, Canad\u00e1. Com sua vasta experi\u00eancia em lit\u00edgios civis, Fil representou clientes em ambos os lados do tribunal em uma ampla gama de disputas, incluindo disputas contratuais, reivindica\u00e7\u00f5es de danos pessoais, neglig\u00eancia profissional, disputas de propriedade, cobran\u00e7a de d\u00edvidas, quest\u00f5es comerciais e trabalhistas, reclama\u00e7\u00f5es de seguros, e mais. Ele estabeleceu uma experi\u00eancia especializada na defesa de reclama\u00e7\u00f5es decorrentes de acidentes com ve\u00edculos automotores, bem como a\u00e7\u00f5es movidas contra munic\u00edpios, profissionais e propriet\u00e1rios\/ocupantes de im\u00f3veis.<\/p>\n<p>Fil nasceu e foi criado em London, Ont\u00e1rio, e mostrou-se promissor desde cedo como um aluno excepcional. Ele ganhou uma bolsa de estudos para a Western University, onde se formou com distin\u00e7\u00e3o em 2002, obtendo um bacharelado com honras em hist\u00f3ria. Como o melhor aluno de gradua\u00e7\u00e3o no programa de gradua\u00e7\u00e3o em hist\u00f3ria, Fil recebeu a prestigiada bolsa de estudos W. Donald R. Eldon e a medalha de ouro Robert LaVerne Eagleson. Ele ent\u00e3o perseguiu sua paix\u00e3o pela lei frequentando a faculdade de direito na Western University e se formando em 2005. Ele foi posteriormente chamado para o Bar of Ontario em 2006.<\/p>\n<p>As a dedicated legal professional, Fil is a member of various prestigious legal organizations, including the Law Society of Ontario, the Canadian Bar Association, the Ontario Bar Association, The Advocates&#8217; Society, Canadian Defence Lawyers, the Ontario Insurance Adjusters Association, the Kitchener-Waterloo Insurance Adjusters Association, and the Waterloo Region Law Association. He stays up-to-date with the latest developments in the legal field and actively contributes to the legal community.<\/p>\n<p>Apart from his legal pursuits, Fil is fluent in Portuguese, having learned to read, write, and speak the language at home and through his attendance at Portuguese School. He is deeply rooted in his local community and dedicates his time to volunteering for the Reading Buddy program at the Kitchener Public Library. He also serves as the chair of Camp McGovern, a registered charity that provides camping experiences for little brothers, little sisters, foster children, and children from families served by United Way agencies. In his leisure time, Fil enjoys golfing, watching and playing soccer, and mountain biking. He is an ardent supporter of Vitoria Sport Clube from his parents&#8217; hometown of Guimaraes, FC Porto, and Chelsea FC. He is also a lifelong fan of the Edmonton Oilers and the San Francisco 49ers.<\/p>\n<p>Filipe (Fil) Mendes \u00e9 um advogado respeitado, conhecido por suas habilidades jur\u00eddicas excepcionais, dedica\u00e7\u00e3o aos seus clientes e envolvimento ativo em sua comunidade. Ele continua a fazer contribui\u00e7\u00f5es significativas para a profiss\u00e3o jur\u00eddica e al\u00e9m, ganhando a reputa\u00e7\u00e3o de profissional jur\u00eddico confi\u00e1vel e realizado em Ont\u00e1rio, Canad\u00e1.<\/p>","protected":false},"excerpt":{"rendered":"<p>Filipe (Fil) Mendes Number: 519-745-2229&#215;102 Email: fil@amaralmendes.comBusiness: Amaral Mendes LLPAddress:\u00a0 62 Regina St N, Waterloo, ON N2J 3A5Site Link: https:\/\/amaralmendes.com\/ Filipe Mendes, commonly known as Fil, is a distinguished lawyer and founding partner of Amaral Mendes LLP, a prominent law firm based in Ontario, Canada. With his extensive experience in civil litigation, Fil has represented&hellip;<\/p>","protected":false},"author":1,"featured_media":0,"parent":16,"menu_order":0,"comment_status":"closed","ping_status":"closed","template":"","meta":{"footnotes":""},"class_list":["post-377","page","type-page","status-publish","hentry"],"_links":{"self":[{"href":"https:\/\/wrpbpa.com\/pt\/wp-json\/wp\/v2\/pages\/377","targetHints":{"allow":["GET"]}}],"collection":[{"href":"https:\/\/wrpbpa.com\/pt\/wp-json\/wp\/v2\/pages"}],"about":[{"href":"https:\/\/wrpbpa.com\/pt\/wp-json\/wp\/v2\/types\/page"}],"author":[{"embeddable":true,"href":"https:\/\/wrpbpa.com\/pt\/wp-json\/wp\/v2\/users\/1"}],"replies":[{"embeddable":true,"href":"https:\/\/wrpbpa.com\/pt\/wp-json\/wp\/v2\/comments?post=377"}],"version-history":[{"count":3,"href":"https:\/\/wrpbpa.com\/pt\/wp-json\/wp\/v2\/pages\/377\/revisions"}],"predecessor-version":[{"id":659,"href":"https:\/\/wrpbpa.com\/pt\/wp-json\/wp\/v2\/pages\/377\/revisions\/659"}],"up":[{"embeddable":true,"href":"https:\/\/wrpbpa.com\/pt\/wp-json\/wp\/v2\/pages\/16"}],"wp:attachment":[{"href":"https:\/\/wrpbpa.com\/pt\/wp-json\/wp\/v2\/media?parent=377"}],"curies":[{"name":"wp","href":"https:\/\/api.w.org\/{rel}","templated":true}]}}