{"id":385,"date":"2023-04-24T12:58:49","date_gmt":"2023-04-24T16:58:49","guid":{"rendered":"https:\/\/wrpbpa.com\/?page_id=385"},"modified":"2023-04-24T13:00:03","modified_gmt":"2023-04-24T17:00:03","slug":"joe-paiva","status":"publish","type":"page","link":"https:\/\/wrpbpa.com\/pt\/members\/joe-paiva\/","title":{"rendered":"Joe Paiva"},"content":{"rendered":"<img decoding=\"async\" src=\"https:\/\/wrpbpa.com\/wp-content\/uploads\/2023\/04\/Picture3.png\" alt=\"Picture3\" title=\"Foto3\" itemprop=\"image\"\/>\n\t\t\t<h5>Joe Paiva<\/h5><h3><strong>N\u00famero:<\/strong>  519-501-1619<\/h3>\t\t\t\n\t\t\t\t<p><strong>E-mail:<\/strong> <a href=\"mailto:swiss1768@recipeunlimited.com\">swiss1768@recipeunlimited.com<\/a><strong><\/strong><strong><br \/><\/strong>Business: Swiss Chalet 1768<br \/><strong>Endere\u00e7o:<\/strong> 1151 Victoria Street North Kitchener, ON<br \/><strong>Link do Site:<\/strong> <a href=\"https:\/\/www.swisschalet.com\/\">https:\/\/www.swisschalet.com\/<\/a><\/p>\n<p>Joe Paiva \u00e9 um homem que dedicou grande parte da sua vida \u00e0 restaura\u00e7\u00e3o. Com 57 anos de experi\u00eancia, 45 deles com o Swiss Chalet na Weber Street em Waterloo, Ont\u00e1rio, ele \u00e9 um verdadeiro veterano na \u00e1rea. Hoje, Joe \u00e9 o orgulhoso propriet\u00e1rio da franquia do Swiss Chalet na Victoria Street em Kitchener.<\/p>\n<p>Joe is a man who likes to stay active in both his personal and professional life. He is a big fan of the Toronto Maple Leafs and also loves to play golf whenever he gets the chance. His love for sports extends beyond North America, as he is also a fan of Sport Lisboa e Benfica soccer club in Portugal. When he&#8217;s not on the links or watching his favorite teams play, Joe enjoys traveling to experience new cultures and trying out new restaurants.<\/p>\n<p>Giving back to the community is important to Joe, and he often volunteers his time and resources to support causes that he cares about. He has been involved in charity initiatives such as the WRPBPA golf tournament in support of St. Mary&#8217;s Hospital Cardiac Care Unit, and the Swiss Chalet\/Harvey&#8217;s golf tournament in support of The Arthritis Society. Joe has also been recognized for his philanthropic work in the region, having been nominated and won a philanthropy award.<\/p>\n<p>Ao longo dos anos, Joe ganhou v\u00e1rios pr\u00eamios de Operador do Ano com o Swiss Chalet e tamb\u00e9m foi reconhecido pelos gerentes talentosos que produziu ao longo dos anos. Ele \u00e9 um verdadeiro l\u00edder na ind\u00fastria de restaurantes e \u00e9 altamente respeitado por seus pares e colegas. Com uma reputa\u00e7\u00e3o de excel\u00eancia e um profundo amor pela comida e hospitalidade, Joe Paiva est\u00e1 entre os melhores do ramo.<\/p>","protected":false},"excerpt":{"rendered":"<p>Joe Paiva Number: 519-501-1619 Email: swiss1768@recipeunlimited.comBusiness: Swiss Chalet 1768Address: 1151 Victoria Street North Kitchener, ONSite Link: https:\/\/www.swisschalet.com\/ Joe Paiva is a man who has dedicated much of his life to the restaurant industry. With 57 years of experience under his belt, 45 of them with Swiss Chalet on Weber Street in Waterloo, Ontario, he is&hellip;<\/p>","protected":false},"author":1,"featured_media":0,"parent":18,"menu_order":0,"comment_status":"closed","ping_status":"closed","template":"","meta":{"footnotes":""},"class_list":["post-385","page","type-page","status-publish","hentry"],"_links":{"self":[{"href":"https:\/\/wrpbpa.com\/pt\/wp-json\/wp\/v2\/pages\/385","targetHints":{"allow":["GET"]}}],"collection":[{"href":"https:\/\/wrpbpa.com\/pt\/wp-json\/wp\/v2\/pages"}],"about":[{"href":"https:\/\/wrpbpa.com\/pt\/wp-json\/wp\/v2\/types\/page"}],"author":[{"embeddable":true,"href":"https:\/\/wrpbpa.com\/pt\/wp-json\/wp\/v2\/users\/1"}],"replies":[{"embeddable":true,"href":"https:\/\/wrpbpa.com\/pt\/wp-json\/wp\/v2\/comments?post=385"}],"version-history":[{"count":2,"href":"https:\/\/wrpbpa.com\/pt\/wp-json\/wp\/v2\/pages\/385\/revisions"}],"predecessor-version":[{"id":390,"href":"https:\/\/wrpbpa.com\/pt\/wp-json\/wp\/v2\/pages\/385\/revisions\/390"}],"up":[{"embeddable":true,"href":"https:\/\/wrpbpa.com\/pt\/wp-json\/wp\/v2\/pages\/18"}],"wp:attachment":[{"href":"https:\/\/wrpbpa.com\/pt\/wp-json\/wp\/v2\/media?parent=385"}],"curies":[{"name":"wp","href":"https:\/\/api.w.org\/{rel}","templated":true}]}}