{"id":392,"date":"2023-04-24T13:00:43","date_gmt":"2023-04-24T17:00:43","guid":{"rendered":"https:\/\/wrpbpa.com\/?page_id=392"},"modified":"2023-05-11T16:26:00","modified_gmt":"2023-05-11T20:26:00","slug":"evaldo-dyck","status":"publish","type":"page","link":"https:\/\/wrpbpa.com\/pt\/members\/evaldo-dyck\/","title":{"rendered":"Evaldo Dyck"},"content":{"rendered":"<img decoding=\"async\" src=\"https:\/\/wrpbpa.com\/wp-content\/uploads\/2023\/05\/unnamed-38.png\" alt=\"unnamed (38)\" title=\"unnamed (38)\" itemprop=\"image\"\/>\n\t\t\t<h5>Evaldo (Ed) Dyck<\/h5><h3><strong>N\u00famero:<\/strong> 519-745-9741<\/h3>\t\t\t\n\t\t\t\t<p><strong>E-mail:<\/strong> <a href=\"mailto:jthelensgrinders@gmail.com\">jthelensgrinders@gmail.com<\/a><br \/><strong>Neg\u00f3cios:<\/strong> E. Dyck Opticians<br \/><strong>Endere\u00e7o:<\/strong> Rua Frederick, 385, Kitchener, ON N2H 2P2<br \/><strong>Link do Site:<\/strong> <a href=\"https:\/\/e-dyck-opticians.business.site\/\">https:\/\/e-dyck-opticians.business.site\/<\/a><\/p>\n<p>Evaldo Dyck, comumente conhecido como Ed, \u00e9 um oculista experiente baseado em Kitchener, Ont\u00e1rio. Com mais de 40 anos de experi\u00eancia no campo \u00f3ptico, Ed possui um vasto conhecimento quando se trata de cuidados com a vis\u00e3o e \u00f3culos. Ele se formou na Ryerson (agora Metropolitan University, Toronto) em 1977 e, desde ent\u00e3o, tem se dedicado a fornecer o mais alto n\u00edvel de atendimento a seus pacientes.<\/p>\n<p>Ed \u00e9 apaixonado por ajudar as pessoas a melhorar sua vis\u00e3o e \u00e9 conhecido por sua personalidade amig\u00e1vel e acess\u00edvel. Ele se orgulha de estar atualizado com as \u00faltimas tend\u00eancias e tecnologias do setor e frequenta regularmente cursos de treinamento e desenvolvimento profissional para garantir que possa oferecer a seus pacientes as solu\u00e7\u00f5es mais inovadoras.<\/p>\n<p>In addition to his professional work, Ed also volunteers one day a week doing Vision Screening for the Waterloo District School Board, demonstrating his commitment to giving back to the community. He has been involved in charity initiatives such as the WRPBPA golf tournament in support of St. Mary&#8217;s Hospital Cardiac Care Unit.<\/p>\n<p>When he&#8217;s not working, Ed enjoys spending time with his family and playing golf. He&#8217;s also an avid sports fan and loves to watch soccer and hockey. In fact, he&#8217;s known to strike up friendly conversations with his patients about the latest sports games or matches.<\/p>\n<p>Ed&#8217;s dedication to his craft and exceptional customer service has earned him a reputation as a respected and trusted Optician in the community. He takes pride in being part of a family business that is now owned by his son-in-law, Optician Noah Wiles, and his daughter Jennifer, ensuring that the tradition of exceptional vision care continues to thrive in the hands of the next generation.<\/p>","protected":false},"excerpt":{"rendered":"<p>Evaldo (Ed) Dyck Number: 519-745-9741 Email: jthelensgrinders@gmail.comBusiness: E. Dyck OpticiansAddress: 385 Frederick St, Kitchener, ON N2H 2P2Site Link: https:\/\/e-dyck-opticians.business.site\/ Evaldo Dyck, commonly known as Ed, is an experienced Optician based in Kitchener, Ontario. With over 40 years of experience in the Optical field, Ed has a wealth of knowledge when it comes to vision care&hellip;<\/p>","protected":false},"author":1,"featured_media":0,"parent":18,"menu_order":0,"comment_status":"closed","ping_status":"closed","template":"","meta":{"footnotes":""},"class_list":["post-392","page","type-page","status-publish","hentry"],"_links":{"self":[{"href":"https:\/\/wrpbpa.com\/pt\/wp-json\/wp\/v2\/pages\/392","targetHints":{"allow":["GET"]}}],"collection":[{"href":"https:\/\/wrpbpa.com\/pt\/wp-json\/wp\/v2\/pages"}],"about":[{"href":"https:\/\/wrpbpa.com\/pt\/wp-json\/wp\/v2\/types\/page"}],"author":[{"embeddable":true,"href":"https:\/\/wrpbpa.com\/pt\/wp-json\/wp\/v2\/users\/1"}],"replies":[{"embeddable":true,"href":"https:\/\/wrpbpa.com\/pt\/wp-json\/wp\/v2\/comments?post=392"}],"version-history":[{"count":3,"href":"https:\/\/wrpbpa.com\/pt\/wp-json\/wp\/v2\/pages\/392\/revisions"}],"predecessor-version":[{"id":675,"href":"https:\/\/wrpbpa.com\/pt\/wp-json\/wp\/v2\/pages\/392\/revisions\/675"}],"up":[{"embeddable":true,"href":"https:\/\/wrpbpa.com\/pt\/wp-json\/wp\/v2\/pages\/18"}],"wp:attachment":[{"href":"https:\/\/wrpbpa.com\/pt\/wp-json\/wp\/v2\/media?parent=392"}],"curies":[{"name":"wp","href":"https:\/\/api.w.org\/{rel}","templated":true}]}}